{"id":12084,"date":"2023-08-23T07:48:22","date_gmt":"2023-08-23T07:48:22","guid":{"rendered":"https:\/\/eu-timber2.lmstudio.agency\/maps\/"},"modified":"2023-10-06T09:37:43","modified_gmt":"2023-10-06T09:37:43","slug":"cartes","status":"publish","type":"page","link":"https:\/\/eu-timber.com\/fr\/cartes\/","title":{"rendered":"Cartes"},"content":{"rendered":"\t\t<div data-elementor-type=\"wp-page\" data-elementor-id=\"12084\" class=\"elementor elementor-12084 elementor-10546\" data-elementor-post-type=\"page\">\n\t\t\t\t\t\t<section class=\"elementor-section elementor-top-section elementor-element elementor-element-1a266ffe elementor-section-boxed elementor-section-height-default elementor-section-height-default\" data-id=\"1a266ffe\" data-element_type=\"section\">\n\t\t\t\t\t\t<div class=\"elementor-container elementor-column-gap-wide\">\n\t\t\t\t\t<div class=\"elementor-column elementor-col-50 elementor-top-column elementor-element elementor-element-4a5ffbb7\" data-id=\"4a5ffbb7\" data-element_type=\"column\">\n\t\t\t<div class=\"elementor-widget-wrap elementor-element-populated\">\n\t\t\t\t\t\t<div class=\"elementor-element elementor-element-d834f56 elementor-invisible elementor-widget elementor-widget-image\" data-id=\"d834f56\" data-element_type=\"widget\" data-settings=\"{&quot;_animation&quot;:&quot;fadeIn&quot;,&quot;_animation_delay&quot;:300}\" data-widget_type=\"image.default\">\n\t\t\t\t<div class=\"elementor-widget-container\">\n\t\t\t<style>\/*! elementor - v3.20.0 - 26-03-2024 *\/\n.elementor-widget-image{text-align:center}.elementor-widget-image a{display:inline-block}.elementor-widget-image a img[src$=\".svg\"]{width:48px}.elementor-widget-image img{vertical-align:middle;display:inline-block}<\/style>\t\t\t\t\t\t\t\t\t\t\t<a href=\"https:\/\/eu-timber.com\/wp-content\/uploads\/2023\/08\/our-forests.png\" data-elementor-open-lightbox=\"yes\" data-e-action-hash=\"#elementor-action%3Aaction%3Dlightbox%26settings%3DeyJpZCI6MTA1NDgsInVybCI6Imh0dHBzOlwvXC9ldS10aW1iZXIuY29tXC93cC1jb250ZW50XC91cGxvYWRzXC8yMDIzXC8wOFwvb3VyLWZvcmVzdHMucG5nIn0%3D\">\n\t\t\t\t\t\t\t<img fetchpriority=\"high\" decoding=\"async\" width=\"1024\" height=\"576\" src=\"https:\/\/eu-timber.com\/wp-content\/uploads\/2023\/08\/our-forests-1024x576.png\" class=\"attachment-large size-large wp-image-10548\" alt=\"\" srcset=\"https:\/\/eu-timber.com\/wp-content\/uploads\/2023\/08\/our-forests-1024x576.png 1024w, https:\/\/eu-timber.com\/wp-content\/uploads\/2023\/08\/our-forests-300x169.png 300w, https:\/\/eu-timber.com\/wp-content\/uploads\/2023\/08\/our-forests-768x432.png 768w, https:\/\/eu-timber.com\/wp-content\/uploads\/2023\/08\/our-forests-1536x864.png 1536w, https:\/\/eu-timber.com\/wp-content\/uploads\/2023\/08\/our-forests.png 1628w\" sizes=\"(max-width: 1024px) 100vw, 1024px\" \/>\t\t\t\t\t\t\t\t<\/a>\n\t\t\t\t\t\t\t\t\t\t\t\t\t<\/div>\n\t\t\t\t<\/div>\n\t\t\t\t\t<\/div>\n\t\t<\/div>\n\t\t\t\t<div class=\"elementor-column elementor-col-50 elementor-top-column elementor-element elementor-element-d40537c\" data-id=\"d40537c\" data-element_type=\"column\">\n\t\t\t<div class=\"elementor-widget-wrap elementor-element-populated\">\n\t\t\t\t\t\t<div class=\"elementor-element elementor-element-49a5929 elementor-invisible elementor-widget elementor-widget-image\" data-id=\"49a5929\" data-element_type=\"widget\" data-settings=\"{&quot;_animation&quot;:&quot;fadeIn&quot;,&quot;_animation_delay&quot;:600}\" data-widget_type=\"image.default\">\n\t\t\t\t<div class=\"elementor-widget-container\">\n\t\t\t\t\t\t\t\t\t\t\t\t\t\t<a href=\"https:\/\/eu-timber.com\/wp-content\/uploads\/2023\/08\/export-map.png\" data-elementor-open-lightbox=\"yes\" data-e-action-hash=\"#elementor-action%3Aaction%3Dlightbox%26settings%3DeyJpZCI6MTA1NDksInVybCI6Imh0dHBzOlwvXC9ldS10aW1iZXIuY29tXC93cC1jb250ZW50XC91cGxvYWRzXC8yMDIzXC8wOFwvZXhwb3J0LW1hcC5wbmcifQ%3D%3D\">\n\t\t\t\t\t\t\t<img decoding=\"async\" width=\"1024\" height=\"578\" src=\"https:\/\/eu-timber.com\/wp-content\/uploads\/2023\/08\/export-map-1024x578.png\" class=\"attachment-large size-large wp-image-10549\" alt=\"\" srcset=\"https:\/\/eu-timber.com\/wp-content\/uploads\/2023\/08\/export-map-1024x578.png 1024w, https:\/\/eu-timber.com\/wp-content\/uploads\/2023\/08\/export-map-300x169.png 300w, https:\/\/eu-timber.com\/wp-content\/uploads\/2023\/08\/export-map-768x434.png 768w, https:\/\/eu-timber.com\/wp-content\/uploads\/2023\/08\/export-map-1536x868.png 1536w, https:\/\/eu-timber.com\/wp-content\/uploads\/2023\/08\/export-map.png 1595w\" sizes=\"(max-width: 1024px) 100vw, 1024px\" \/>\t\t\t\t\t\t\t\t<\/a>\n\t\t\t\t\t\t\t\t\t\t\t\t\t<\/div>\n\t\t\t\t<\/div>\n\t\t\t\t\t<\/div>\n\t\t<\/div>\n\t\t\t\t\t<\/div>\n\t\t<\/section>\n\t\t\t\t<section class=\"elementor-section elementor-top-section elementor-element elementor-element-2458d60 elementor-section-boxed elementor-section-height-default elementor-section-height-default\" data-id=\"2458d60\" data-element_type=\"section\">\n\t\t\t\t\t\t<div class=\"elementor-container elementor-column-gap-wide\">\n\t\t\t\t\t<div class=\"elementor-column elementor-col-100 elementor-top-column elementor-element elementor-element-053b96c\" data-id=\"053b96c\" data-element_type=\"column\">\n\t\t\t<div class=\"elementor-widget-wrap\">\n\t\t\t\t\t\t\t<\/div>\n\t\t<\/div>\n\t\t\t\t\t<\/div>\n\t\t<\/section>\n\t\t\t\t<\/div>\n\t\t","protected":false},"excerpt":{"rendered":"<div class=\"tmnf_excerpt\"><\/div>","protected":false},"author":2,"featured_media":11872,"parent":0,"menu_order":0,"comment_status":"closed","ping_status":"closed","template":"homepage-hero-cover_alt.php","meta":{"footnotes":""},"class_list":["post-12084","page","type-page","status-publish","has-post-thumbnail","hentry"],"yoast_head":"<!-- This site is optimized with the Yoast SEO plugin v22.3 - https:\/\/yoast.com\/wordpress\/plugins\/seo\/ -->\n<title>Cartes - EU Timber<\/title>\n<meta name=\"description\" content=\"D\u00e9couvrez les cartes des for\u00eats d&#039;o\u00f9 proviennent et d&#039;o\u00f9 nous exportons nos bois ! Nous exportons dans le monde entier.\" \/>\n<meta name=\"robots\" content=\"index, follow, max-snippet:-1, max-image-preview:large, max-video-preview:-1\" \/>\n<link rel=\"canonical\" href=\"https:\/\/eu-timber.com\/fr\/cartes\/\" \/>\n<meta property=\"og:locale\" content=\"fr_FR\" \/>\n<meta property=\"og:type\" content=\"article\" \/>\n<meta property=\"og:title\" content=\"Cartes - EU Timber\" \/>\n<meta property=\"og:description\" content=\"D\u00e9couvrez les cartes des for\u00eats d&#039;o\u00f9 proviennent et d&#039;o\u00f9 nous exportons nos bois ! Nous exportons dans le monde entier.\" \/>\n<meta property=\"og:url\" content=\"https:\/\/eu-timber.com\/fr\/cartes\/\" \/>\n<meta property=\"og:site_name\" content=\"Eu Timber\" \/>\n<meta property=\"article:modified_time\" content=\"2023-10-06T09:37:43+00:00\" \/>\n<meta property=\"og:image\" content=\"https:\/\/eu-timber.com\/wp-content\/uploads\/2023\/08\/banner-maps.jpg\" \/>\n\t<meta property=\"og:image:width\" content=\"1920\" \/>\n\t<meta property=\"og:image:height\" content=\"1371\" \/>\n\t<meta property=\"og:image:type\" content=\"image\/jpeg\" \/>\n<meta name=\"twitter:card\" content=\"summary_large_image\" \/>\n<meta name=\"twitter:label1\" content=\"Dur\u00e9e de lecture estim\u00e9e\" \/>\n\t<meta name=\"twitter:data1\" content=\"1 minute\" \/>\n<script type=\"application\/ld+json\" class=\"yoast-schema-graph\">{\"@context\":\"https:\/\/schema.org\",\"@graph\":[{\"@type\":\"WebPage\",\"@id\":\"https:\/\/eu-timber.com\/fr\/cartes\/\",\"url\":\"https:\/\/eu-timber.com\/fr\/cartes\/\",\"name\":\"Cartes - EU Timber\",\"isPartOf\":{\"@id\":\"https:\/\/eu-timber.com\/#website\"},\"primaryImageOfPage\":{\"@id\":\"https:\/\/eu-timber.com\/fr\/cartes\/#primaryimage\"},\"image\":{\"@id\":\"https:\/\/eu-timber.com\/fr\/cartes\/#primaryimage\"},\"thumbnailUrl\":\"https:\/\/eu-timber.com\/wp-content\/uploads\/2023\/08\/banner-maps.jpg\",\"datePublished\":\"2023-08-23T07:48:22+00:00\",\"dateModified\":\"2023-10-06T09:37:43+00:00\",\"description\":\"D\u00e9couvrez les cartes des for\u00eats d'o\u00f9 proviennent et d'o\u00f9 nous exportons nos bois ! Nous exportons dans le monde entier.\",\"breadcrumb\":{\"@id\":\"https:\/\/eu-timber.com\/fr\/cartes\/#breadcrumb\"},\"inLanguage\":\"fr-FR\",\"potentialAction\":[{\"@type\":\"ReadAction\",\"target\":[\"https:\/\/eu-timber.com\/fr\/cartes\/\"]}]},{\"@type\":\"ImageObject\",\"inLanguage\":\"fr-FR\",\"@id\":\"https:\/\/eu-timber.com\/fr\/cartes\/#primaryimage\",\"url\":\"https:\/\/eu-timber.com\/wp-content\/uploads\/2023\/08\/banner-maps.jpg\",\"contentUrl\":\"https:\/\/eu-timber.com\/wp-content\/uploads\/2023\/08\/banner-maps.jpg\",\"width\":1920,\"height\":1371},{\"@type\":\"BreadcrumbList\",\"@id\":\"https:\/\/eu-timber.com\/fr\/cartes\/#breadcrumb\",\"itemListElement\":[{\"@type\":\"ListItem\",\"position\":1,\"name\":\"Accueil\",\"item\":\"https:\/\/eu-timber.com\/fr\/\"},{\"@type\":\"ListItem\",\"position\":2,\"name\":\"Cartes\"}]},{\"@type\":\"WebSite\",\"@id\":\"https:\/\/eu-timber.com\/#website\",\"url\":\"https:\/\/eu-timber.com\/\",\"name\":\"Eu Timber\",\"description\":\"\",\"potentialAction\":[{\"@type\":\"SearchAction\",\"target\":{\"@type\":\"EntryPoint\",\"urlTemplate\":\"https:\/\/eu-timber.com\/?s={search_term_string}\"},\"query-input\":\"required name=search_term_string\"}],\"inLanguage\":\"fr-FR\"}]}<\/script>\n<!-- \/ Yoast SEO plugin. -->","yoast_head_json":{"title":"Cartes - EU Timber","description":"D\u00e9couvrez les cartes des for\u00eats d'o\u00f9 proviennent et d'o\u00f9 nous exportons nos bois ! Nous exportons dans le monde entier.","robots":{"index":"index","follow":"follow","max-snippet":"max-snippet:-1","max-image-preview":"max-image-preview:large","max-video-preview":"max-video-preview:-1"},"canonical":"https:\/\/eu-timber.com\/fr\/cartes\/","og_locale":"fr_FR","og_type":"article","og_title":"Cartes - EU Timber","og_description":"D\u00e9couvrez les cartes des for\u00eats d'o\u00f9 proviennent et d'o\u00f9 nous exportons nos bois ! Nous exportons dans le monde entier.","og_url":"https:\/\/eu-timber.com\/fr\/cartes\/","og_site_name":"Eu Timber","article_modified_time":"2023-10-06T09:37:43+00:00","og_image":[{"width":1920,"height":1371,"url":"https:\/\/eu-timber.com\/wp-content\/uploads\/2023\/08\/banner-maps.jpg","type":"image\/jpeg"}],"twitter_card":"summary_large_image","twitter_misc":{"Dur\u00e9e de lecture estim\u00e9e":"1 minute"},"schema":{"@context":"https:\/\/schema.org","@graph":[{"@type":"WebPage","@id":"https:\/\/eu-timber.com\/fr\/cartes\/","url":"https:\/\/eu-timber.com\/fr\/cartes\/","name":"Cartes - EU Timber","isPartOf":{"@id":"https:\/\/eu-timber.com\/#website"},"primaryImageOfPage":{"@id":"https:\/\/eu-timber.com\/fr\/cartes\/#primaryimage"},"image":{"@id":"https:\/\/eu-timber.com\/fr\/cartes\/#primaryimage"},"thumbnailUrl":"https:\/\/eu-timber.com\/wp-content\/uploads\/2023\/08\/banner-maps.jpg","datePublished":"2023-08-23T07:48:22+00:00","dateModified":"2023-10-06T09:37:43+00:00","description":"D\u00e9couvrez les cartes des for\u00eats d'o\u00f9 proviennent et d'o\u00f9 nous exportons nos bois ! Nous exportons dans le monde entier.","breadcrumb":{"@id":"https:\/\/eu-timber.com\/fr\/cartes\/#breadcrumb"},"inLanguage":"fr-FR","potentialAction":[{"@type":"ReadAction","target":["https:\/\/eu-timber.com\/fr\/cartes\/"]}]},{"@type":"ImageObject","inLanguage":"fr-FR","@id":"https:\/\/eu-timber.com\/fr\/cartes\/#primaryimage","url":"https:\/\/eu-timber.com\/wp-content\/uploads\/2023\/08\/banner-maps.jpg","contentUrl":"https:\/\/eu-timber.com\/wp-content\/uploads\/2023\/08\/banner-maps.jpg","width":1920,"height":1371},{"@type":"BreadcrumbList","@id":"https:\/\/eu-timber.com\/fr\/cartes\/#breadcrumb","itemListElement":[{"@type":"ListItem","position":1,"name":"Accueil","item":"https:\/\/eu-timber.com\/fr\/"},{"@type":"ListItem","position":2,"name":"Cartes"}]},{"@type":"WebSite","@id":"https:\/\/eu-timber.com\/#website","url":"https:\/\/eu-timber.com\/","name":"Eu Timber","description":"","potentialAction":[{"@type":"SearchAction","target":{"@type":"EntryPoint","urlTemplate":"https:\/\/eu-timber.com\/?s={search_term_string}"},"query-input":"required name=search_term_string"}],"inLanguage":"fr-FR"}]}},"_links":{"self":[{"href":"https:\/\/eu-timber.com\/fr\/wp-json\/wp\/v2\/pages\/12084","targetHints":{"allow":["GET"]}}],"collection":[{"href":"https:\/\/eu-timber.com\/fr\/wp-json\/wp\/v2\/pages"}],"about":[{"href":"https:\/\/eu-timber.com\/fr\/wp-json\/wp\/v2\/types\/page"}],"author":[{"embeddable":true,"href":"https:\/\/eu-timber.com\/fr\/wp-json\/wp\/v2\/users\/2"}],"replies":[{"embeddable":true,"href":"https:\/\/eu-timber.com\/fr\/wp-json\/wp\/v2\/comments?post=12084"}],"version-history":[{"count":1,"href":"https:\/\/eu-timber.com\/fr\/wp-json\/wp\/v2\/pages\/12084\/revisions"}],"predecessor-version":[{"id":12086,"href":"https:\/\/eu-timber.com\/fr\/wp-json\/wp\/v2\/pages\/12084\/revisions\/12086"}],"wp:featuredmedia":[{"embeddable":true,"href":"https:\/\/eu-timber.com\/fr\/wp-json\/wp\/v2\/media\/11872"}],"wp:attachment":[{"href":"https:\/\/eu-timber.com\/fr\/wp-json\/wp\/v2\/media?parent=12084"}],"curies":[{"name":"wp","href":"https:\/\/api.w.org\/{rel}","templated":true}]}}