{"id":12095,"date":"2023-08-23T08:22:19","date_gmt":"2023-08-23T08:22:19","guid":{"rendered":"https:\/\/eu-timber2.lmstudio.agency\/pefc-certification\/"},"modified":"2023-10-06T11:33:06","modified_gmt":"2023-10-06T11:33:06","slug":"certification-pefc","status":"publish","type":"page","link":"https:\/\/eu-timber.com\/fr\/certification-pefc\/","title":{"rendered":"Certification PEFC"},"content":{"rendered":"\t\t<div data-elementor-type=\"wp-page\" data-elementor-id=\"12095\" class=\"elementor elementor-12095 elementor-10610\" data-elementor-post-type=\"page\">\n\t\t\t\t\t\t<section class=\"elementor-section elementor-top-section elementor-element elementor-element-1a266ffe elementor-section-boxed elementor-section-height-default elementor-section-height-default\" data-id=\"1a266ffe\" data-element_type=\"section\">\n\t\t\t\t\t\t<div class=\"elementor-container elementor-column-gap-wide\">\n\t\t\t\t\t<div class=\"elementor-column elementor-col-50 elementor-top-column elementor-element elementor-element-4a5ffbb7\" data-id=\"4a5ffbb7\" data-element_type=\"column\">\n\t\t\t<div class=\"elementor-widget-wrap elementor-element-populated\">\n\t\t\t\t\t\t<div class=\"elementor-element elementor-element-2ef5e25 elementor-widget elementor-widget-text-editor\" data-id=\"2ef5e25\" data-element_type=\"widget\" data-widget_type=\"text-editor.default\">\n\t\t\t\t<div class=\"elementor-widget-container\">\n\t\t\t<style>\/*! elementor - v3.20.0 - 26-03-2024 *\/\n.elementor-widget-text-editor.elementor-drop-cap-view-stacked .elementor-drop-cap{background-color:#69727d;color:#fff}.elementor-widget-text-editor.elementor-drop-cap-view-framed .elementor-drop-cap{color:#69727d;border:3px solid;background-color:transparent}.elementor-widget-text-editor:not(.elementor-drop-cap-view-default) .elementor-drop-cap{margin-top:8px}.elementor-widget-text-editor:not(.elementor-drop-cap-view-default) .elementor-drop-cap-letter{width:1em;height:1em}.elementor-widget-text-editor .elementor-drop-cap{float:left;text-align:center;line-height:1;font-size:50px}.elementor-widget-text-editor .elementor-drop-cap-letter{display:inline-block}<\/style>\t\t\t\t<p>Chez EU-TIMBER, nous croyons fermement \u00e0 <strong>l&#8217;importance d&#8217;une sylviculture responsable<\/strong> et de pratiques durables. Nous reconnaissons le r\u00f4le vital que jouent les for\u00eats dans le maintien de la sant\u00e9 de notre plan\u00e8te et le bien-\u00eatre des g\u00e9n\u00e9rations futures. C&#8217;est pourquoi nous nous effor\u00e7ons d&#8217;agir dans le <strong>respect de l&#8217;environnement<\/strong>, en donnant la priorit\u00e9 \u00e0 la conservation des ressources naturelles et des \u00e9cosyst\u00e8mes.<\/p><p>\u00a0<\/p><p>En t\u00e9moignage de notre engagement, <strong>nous sommes fiers d&#8217;\u00eatre certifi\u00e9s par le Programme de reconnaissance des certifications foresti\u00e8res<\/strong> (PEFC). Le PEFC est une organisation internationalement reconnue qui promeut la gestion durable des for\u00eats et garantit l&#8217;approvisionnement responsable en produits du bois. <strong>Ces certifications constituent une validation<\/strong> par une tierce partie de<strong> notre adh\u00e9sion \u00e0 des normes environnementales et sociales rigoureuses<\/strong> tout au long de nos op\u00e9rations.<\/p><p>\u00a0<\/p><p>Gr\u00e2ce \u00e0 nos certifications PEFC, nous d\u00e9montrons notre attachement aux principes suivants :<\/p>\t\t\t\t\t\t<\/div>\n\t\t\t\t<\/div>\n\t\t\t\t\t<\/div>\n\t\t<\/div>\n\t\t\t\t<div class=\"elementor-column elementor-col-50 elementor-top-column elementor-element elementor-element-fc145fc\" data-id=\"fc145fc\" data-element_type=\"column\">\n\t\t\t<div class=\"elementor-widget-wrap elementor-element-populated\">\n\t\t\t\t\t\t<div class=\"elementor-element elementor-element-e74a8fa elementor-widget elementor-widget-image\" data-id=\"e74a8fa\" data-element_type=\"widget\" data-widget_type=\"image.default\">\n\t\t\t\t<div class=\"elementor-widget-container\">\n\t\t\t<style>\/*! elementor - v3.20.0 - 26-03-2024 *\/\n.elementor-widget-image{text-align:center}.elementor-widget-image a{display:inline-block}.elementor-widget-image a img[src$=\".svg\"]{width:48px}.elementor-widget-image img{vertical-align:middle;display:inline-block}<\/style>\t\t\t\t\t\t\t\t\t\t<img fetchpriority=\"high\" decoding=\"async\" width=\"1024\" height=\"683\" src=\"https:\/\/eu-timber.com\/wp-content\/uploads\/2023\/08\/grands-arbres-1024x683.jpg\" class=\"attachment-large size-large wp-image-10669\" alt=\"\" srcset=\"https:\/\/eu-timber.com\/wp-content\/uploads\/2023\/08\/grands-arbres-1024x683.jpg 1024w, https:\/\/eu-timber.com\/wp-content\/uploads\/2023\/08\/grands-arbres-300x200.jpg 300w, https:\/\/eu-timber.com\/wp-content\/uploads\/2023\/08\/grands-arbres-768x512.jpg 768w, https:\/\/eu-timber.com\/wp-content\/uploads\/2023\/08\/grands-arbres-1536x1024.jpg 1536w, https:\/\/eu-timber.com\/wp-content\/uploads\/2023\/08\/grands-arbres.jpg 1920w\" sizes=\"(max-width: 1024px) 100vw, 1024px\" \/>\t\t\t\t\t\t\t\t\t\t\t\t\t<\/div>\n\t\t\t\t<\/div>\n\t\t\t\t\t<\/div>\n\t\t<\/div>\n\t\t\t\t\t<\/div>\n\t\t<\/section>\n\t\t\t\t<section class=\"elementor-section elementor-top-section elementor-element elementor-element-cf20eae elementor-reverse-tablet elementor-reverse-mobile elementor-section-boxed elementor-section-height-default elementor-section-height-default\" data-id=\"cf20eae\" data-element_type=\"section\">\n\t\t\t\t\t\t<div class=\"elementor-container elementor-column-gap-wide\">\n\t\t\t\t\t<div class=\"elementor-column elementor-col-50 elementor-top-column elementor-element elementor-element-522bb2b\" data-id=\"522bb2b\" data-element_type=\"column\">\n\t\t\t<div class=\"elementor-widget-wrap elementor-element-populated\">\n\t\t\t\t\t\t<div class=\"elementor-element elementor-element-e7f74b1 elementor-widget elementor-widget-image\" data-id=\"e7f74b1\" data-element_type=\"widget\" data-widget_type=\"image.default\">\n\t\t\t\t<div class=\"elementor-widget-container\">\n\t\t\t\t\t\t\t\t\t\t\t\t\t<img decoding=\"async\" width=\"1024\" height=\"683\" src=\"https:\/\/eu-timber.com\/wp-content\/uploads\/2023\/08\/forest-with-cut-wood-1024x683.jpg\" class=\"attachment-large size-large wp-image-11295\" alt=\"\" srcset=\"https:\/\/eu-timber.com\/wp-content\/uploads\/2023\/08\/forest-with-cut-wood-1024x683.jpg 1024w, https:\/\/eu-timber.com\/wp-content\/uploads\/2023\/08\/forest-with-cut-wood-300x200.jpg 300w, https:\/\/eu-timber.com\/wp-content\/uploads\/2023\/08\/forest-with-cut-wood-768x512.jpg 768w, https:\/\/eu-timber.com\/wp-content\/uploads\/2023\/08\/forest-with-cut-wood-1536x1024.jpg 1536w, https:\/\/eu-timber.com\/wp-content\/uploads\/2023\/08\/forest-with-cut-wood.jpg 1920w\" sizes=\"(max-width: 1024px) 100vw, 1024px\" \/>\t\t\t\t\t\t\t\t\t\t\t\t\t<\/div>\n\t\t\t\t<\/div>\n\t\t\t\t\t<\/div>\n\t\t<\/div>\n\t\t\t\t<div class=\"elementor-column elementor-col-50 elementor-top-column elementor-element elementor-element-f5e6fa6\" data-id=\"f5e6fa6\" data-element_type=\"column\">\n\t\t\t<div class=\"elementor-widget-wrap elementor-element-populated\">\n\t\t\t\t\t\t<div class=\"elementor-element elementor-element-a90050a elementor-widget elementor-widget-text-editor\" data-id=\"a90050a\" data-element_type=\"widget\" data-widget_type=\"text-editor.default\">\n\t\t\t\t<div class=\"elementor-widget-container\">\n\t\t\t\t\t\t\t<ol><li><strong>Gestion durable des for\u00eats<\/strong> : Nous nous engageons activement dans des pratiques durables qui prot\u00e8gent et nourrissent les \u00e9cosyst\u00e8mes forestiers. Nos m\u00e9thodes d&#8217;exploitation privil\u00e9gient la sant\u00e9 et la diversit\u00e9 \u00e0 long terme des for\u00eats, garantissant ainsi leur capacit\u00e9 \u00e0 se r\u00e9g\u00e9n\u00e9rer et \u00e0 prosp\u00e9rer.<br \/><br \/><\/li><li><strong>Conservation de la biodiversit\u00e9<\/strong> : Nous reconnaissons la valeur intrins\u00e8que de la biodiversit\u00e9 et travaillons avec diligence pour la pr\u00e9server. En mettant en \u0153uvre des mesures qui prot\u00e8gent les habitats des esp\u00e8ces sauvages et favorisent la biodiversit\u00e9, nous contribuons \u00e0 la sant\u00e9 et \u00e0 la r\u00e9silience globales de nos for\u00eats.<br \/><br \/><\/li><li><strong>Engagement des parties prenantes<\/strong> : Nous favorisons une communication ouverte et transparente avec les communaut\u00e9s locales, la chasse par exemple, et les autres parties prenantes directement concern\u00e9es par nos activit\u00e9s. Nous nous effor\u00e7ons d&#8217;int\u00e9grer leurs points de vue, de respecter leurs droits et de r\u00e9pondre \u00e0 leurs pr\u00e9occupations, afin de garantir une relation harmonieuse avec les communaut\u00e9s au sein desquelles nous op\u00e9rons.<\/li><\/ol>\t\t\t\t\t\t<\/div>\n\t\t\t\t<\/div>\n\t\t\t\t\t<\/div>\n\t\t<\/div>\n\t\t\t\t\t<\/div>\n\t\t<\/section>\n\t\t\t\t<section class=\"elementor-section elementor-top-section elementor-element elementor-element-10e6bd7 elementor-section-boxed elementor-section-height-default elementor-section-height-default\" data-id=\"10e6bd7\" data-element_type=\"section\">\n\t\t\t\t\t\t<div class=\"elementor-container elementor-column-gap-default\">\n\t\t\t\t\t<div class=\"elementor-column elementor-col-100 elementor-top-column elementor-element elementor-element-5755568\" data-id=\"5755568\" data-element_type=\"column\">\n\t\t\t<div class=\"elementor-widget-wrap elementor-element-populated\">\n\t\t\t\t\t\t<div class=\"elementor-element elementor-element-8976262 elementor-widget elementor-widget-text-editor\" data-id=\"8976262\" data-element_type=\"widget\" data-widget_type=\"text-editor.default\">\n\t\t\t\t<div class=\"elementor-widget-container\">\n\t\t\t\t\t\t\t<p><strong>4. Conformit\u00e9 juridique<\/strong> : Nous respectons strictement toutes les lois et r\u00e9glementations applicables aux pratiques foresti\u00e8res. En respectant les normes juridiques, nous garantissons non seulement l&#8217;int\u00e9grit\u00e9 de nos op\u00e9rations, mais nous contribuons \u00e9galement \u00e0 l&#8217;objectif plus large de lutte contre l&#8217;exploitation ill\u00e9gale des for\u00eats et de promotion du commerce durable du bois.<br \/><br \/><\/p><p><strong>5. Cha\u00eene de contr\u00f4le<\/strong> : Nous appliquons des mesures rigoureuses de contr\u00f4le et de tra\u00e7abilit\u00e9 tout au long de notre cha\u00eene d&#8217;approvisionnement afin de garantir que les produits du bois que nous proposons proviennent de for\u00eats g\u00e9r\u00e9es de mani\u00e8re durable. Ces mesures comprennent le suivi de l&#8217;origine de notre bois, la garantie d&#8217;une transformation et d&#8217;une fabrication responsables, et la tenue de registres clairs de nos transactions.<\/p><p><br \/>N&#8217;h\u00e9sitez pas \u00e0 consulter le site web du PEFC : <a href=\"https:\/\/www.pefc.org\/\">https:\/\/www.pefc.org\/<\/a><\/p>\t\t\t\t\t\t<\/div>\n\t\t\t\t<\/div>\n\t\t\t\t<div class=\"elementor-element elementor-element-81ba502 elementor-widget elementor-widget-image\" data-id=\"81ba502\" data-element_type=\"widget\" data-widget_type=\"image.default\">\n\t\t\t\t<div class=\"elementor-widget-container\">\n\t\t\t\t\t\t\t\t\t\t\t\t\t\t<a href=\"https:\/\/www.pefc.org\/\" target=\"_blank\" rel=\"nofollow\">\n\t\t\t\t\t\t\t<img decoding=\"async\" width=\"300\" height=\"197\" src=\"https:\/\/eu-timber.com\/wp-content\/uploads\/2023\/08\/PEFC-300x197.png\" class=\"attachment-medium size-medium wp-image-10612\" alt=\"\" srcset=\"https:\/\/eu-timber.com\/wp-content\/uploads\/2023\/08\/PEFC-300x197.png 300w, https:\/\/eu-timber.com\/wp-content\/uploads\/2023\/08\/PEFC.png 623w\" sizes=\"(max-width: 300px) 100vw, 300px\" \/>\t\t\t\t\t\t\t\t<\/a>\n\t\t\t\t\t\t\t\t\t\t\t\t\t<\/div>\n\t\t\t\t<\/div>\n\t\t\t\t\t<\/div>\n\t\t<\/div>\n\t\t\t\t\t<\/div>\n\t\t<\/section>\n\t\t\t\t<\/div>\n\t\t","protected":false},"excerpt":{"rendered":"<div class=\"tmnf_excerpt\"><p>Chez EU-TIMBER, nous croyons fermement \u00e0 l&#8217;importance d&#8217;une sylviculture responsable et de pratiques durables. Nous reconnaissons le r\u00f4le vital que jouent les for\u00eats dans le maintien de la sant\u00e9 de notre plan\u00e8te et le bien-\u00eatre<\/p>\n<\/div>","protected":false},"author":2,"featured_media":11868,"parent":0,"menu_order":0,"comment_status":"closed","ping_status":"closed","template":"homepage-hero-cover_alt.php","meta":{"footnotes":""},"class_list":["post-12095","page","type-page","status-publish","has-post-thumbnail","hentry"],"yoast_head":"<!-- This site is optimized with the Yoast SEO plugin v22.3 - https:\/\/yoast.com\/wordpress\/plugins\/seo\/ -->\n<title>Certification PEFC - EU Timber<\/title>\n<meta name=\"description\" content=\"Nous croyons fermement \u00e0 l&#039;importance d&#039;une sylviculture responsable raison pour laquelle nous sommes fiers d&#039;\u00eatre certifi\u00e9s par le PEFC.\" \/>\n<meta name=\"robots\" content=\"index, follow, max-snippet:-1, max-image-preview:large, max-video-preview:-1\" \/>\n<link rel=\"canonical\" href=\"https:\/\/eu-timber.com\/fr\/certification-pefc\/\" \/>\n<meta property=\"og:locale\" content=\"fr_FR\" \/>\n<meta property=\"og:type\" content=\"article\" \/>\n<meta property=\"og:title\" content=\"Certification PEFC - EU Timber\" \/>\n<meta property=\"og:description\" content=\"Nous croyons fermement \u00e0 l&#039;importance d&#039;une sylviculture responsable raison pour laquelle nous sommes fiers d&#039;\u00eatre certifi\u00e9s par le PEFC.\" \/>\n<meta property=\"og:url\" content=\"https:\/\/eu-timber.com\/fr\/certification-pefc\/\" \/>\n<meta property=\"og:site_name\" content=\"Eu Timber\" \/>\n<meta property=\"article:modified_time\" content=\"2023-10-06T11:33:06+00:00\" \/>\n<meta property=\"og:image\" content=\"https:\/\/eu-timber.com\/wp-content\/uploads\/2023\/08\/banner-pefc.jpg\" \/>\n\t<meta property=\"og:image:width\" content=\"1920\" \/>\n\t<meta property=\"og:image:height\" content=\"1371\" \/>\n\t<meta property=\"og:image:type\" content=\"image\/jpeg\" \/>\n<meta name=\"twitter:card\" content=\"summary_large_image\" \/>\n<meta name=\"twitter:label1\" content=\"Dur\u00e9e de lecture estim\u00e9e\" \/>\n\t<meta name=\"twitter:data1\" content=\"3 minutes\" \/>\n<script type=\"application\/ld+json\" class=\"yoast-schema-graph\">{\"@context\":\"https:\/\/schema.org\",\"@graph\":[{\"@type\":\"WebPage\",\"@id\":\"https:\/\/eu-timber.com\/fr\/certification-pefc\/\",\"url\":\"https:\/\/eu-timber.com\/fr\/certification-pefc\/\",\"name\":\"Certification PEFC - EU Timber\",\"isPartOf\":{\"@id\":\"https:\/\/eu-timber.com\/#website\"},\"primaryImageOfPage\":{\"@id\":\"https:\/\/eu-timber.com\/fr\/certification-pefc\/#primaryimage\"},\"image\":{\"@id\":\"https:\/\/eu-timber.com\/fr\/certification-pefc\/#primaryimage\"},\"thumbnailUrl\":\"https:\/\/eu-timber.com\/wp-content\/uploads\/2023\/08\/banner-pefc.jpg\",\"datePublished\":\"2023-08-23T08:22:19+00:00\",\"dateModified\":\"2023-10-06T11:33:06+00:00\",\"description\":\"Nous croyons fermement \u00e0 l'importance d'une sylviculture responsable raison pour laquelle nous sommes fiers d'\u00eatre certifi\u00e9s par le PEFC.\",\"breadcrumb\":{\"@id\":\"https:\/\/eu-timber.com\/fr\/certification-pefc\/#breadcrumb\"},\"inLanguage\":\"fr-FR\",\"potentialAction\":[{\"@type\":\"ReadAction\",\"target\":[\"https:\/\/eu-timber.com\/fr\/certification-pefc\/\"]}]},{\"@type\":\"ImageObject\",\"inLanguage\":\"fr-FR\",\"@id\":\"https:\/\/eu-timber.com\/fr\/certification-pefc\/#primaryimage\",\"url\":\"https:\/\/eu-timber.com\/wp-content\/uploads\/2023\/08\/banner-pefc.jpg\",\"contentUrl\":\"https:\/\/eu-timber.com\/wp-content\/uploads\/2023\/08\/banner-pefc.jpg\",\"width\":1920,\"height\":1371},{\"@type\":\"BreadcrumbList\",\"@id\":\"https:\/\/eu-timber.com\/fr\/certification-pefc\/#breadcrumb\",\"itemListElement\":[{\"@type\":\"ListItem\",\"position\":1,\"name\":\"Accueil\",\"item\":\"https:\/\/eu-timber.com\/fr\/\"},{\"@type\":\"ListItem\",\"position\":2,\"name\":\"Certification PEFC\"}]},{\"@type\":\"WebSite\",\"@id\":\"https:\/\/eu-timber.com\/#website\",\"url\":\"https:\/\/eu-timber.com\/\",\"name\":\"Eu Timber\",\"description\":\"\",\"potentialAction\":[{\"@type\":\"SearchAction\",\"target\":{\"@type\":\"EntryPoint\",\"urlTemplate\":\"https:\/\/eu-timber.com\/?s={search_term_string}\"},\"query-input\":\"required name=search_term_string\"}],\"inLanguage\":\"fr-FR\"}]}<\/script>\n<!-- \/ Yoast SEO plugin. -->","yoast_head_json":{"title":"Certification PEFC - EU Timber","description":"Nous croyons fermement \u00e0 l'importance d'une sylviculture responsable raison pour laquelle nous sommes fiers d'\u00eatre certifi\u00e9s par le PEFC.","robots":{"index":"index","follow":"follow","max-snippet":"max-snippet:-1","max-image-preview":"max-image-preview:large","max-video-preview":"max-video-preview:-1"},"canonical":"https:\/\/eu-timber.com\/fr\/certification-pefc\/","og_locale":"fr_FR","og_type":"article","og_title":"Certification PEFC - EU Timber","og_description":"Nous croyons fermement \u00e0 l'importance d'une sylviculture responsable raison pour laquelle nous sommes fiers d'\u00eatre certifi\u00e9s par le PEFC.","og_url":"https:\/\/eu-timber.com\/fr\/certification-pefc\/","og_site_name":"Eu Timber","article_modified_time":"2023-10-06T11:33:06+00:00","og_image":[{"width":1920,"height":1371,"url":"https:\/\/eu-timber.com\/wp-content\/uploads\/2023\/08\/banner-pefc.jpg","type":"image\/jpeg"}],"twitter_card":"summary_large_image","twitter_misc":{"Dur\u00e9e de lecture estim\u00e9e":"3 minutes"},"schema":{"@context":"https:\/\/schema.org","@graph":[{"@type":"WebPage","@id":"https:\/\/eu-timber.com\/fr\/certification-pefc\/","url":"https:\/\/eu-timber.com\/fr\/certification-pefc\/","name":"Certification PEFC - EU Timber","isPartOf":{"@id":"https:\/\/eu-timber.com\/#website"},"primaryImageOfPage":{"@id":"https:\/\/eu-timber.com\/fr\/certification-pefc\/#primaryimage"},"image":{"@id":"https:\/\/eu-timber.com\/fr\/certification-pefc\/#primaryimage"},"thumbnailUrl":"https:\/\/eu-timber.com\/wp-content\/uploads\/2023\/08\/banner-pefc.jpg","datePublished":"2023-08-23T08:22:19+00:00","dateModified":"2023-10-06T11:33:06+00:00","description":"Nous croyons fermement \u00e0 l'importance d'une sylviculture responsable raison pour laquelle nous sommes fiers d'\u00eatre certifi\u00e9s par le PEFC.","breadcrumb":{"@id":"https:\/\/eu-timber.com\/fr\/certification-pefc\/#breadcrumb"},"inLanguage":"fr-FR","potentialAction":[{"@type":"ReadAction","target":["https:\/\/eu-timber.com\/fr\/certification-pefc\/"]}]},{"@type":"ImageObject","inLanguage":"fr-FR","@id":"https:\/\/eu-timber.com\/fr\/certification-pefc\/#primaryimage","url":"https:\/\/eu-timber.com\/wp-content\/uploads\/2023\/08\/banner-pefc.jpg","contentUrl":"https:\/\/eu-timber.com\/wp-content\/uploads\/2023\/08\/banner-pefc.jpg","width":1920,"height":1371},{"@type":"BreadcrumbList","@id":"https:\/\/eu-timber.com\/fr\/certification-pefc\/#breadcrumb","itemListElement":[{"@type":"ListItem","position":1,"name":"Accueil","item":"https:\/\/eu-timber.com\/fr\/"},{"@type":"ListItem","position":2,"name":"Certification PEFC"}]},{"@type":"WebSite","@id":"https:\/\/eu-timber.com\/#website","url":"https:\/\/eu-timber.com\/","name":"Eu Timber","description":"","potentialAction":[{"@type":"SearchAction","target":{"@type":"EntryPoint","urlTemplate":"https:\/\/eu-timber.com\/?s={search_term_string}"},"query-input":"required name=search_term_string"}],"inLanguage":"fr-FR"}]}},"_links":{"self":[{"href":"https:\/\/eu-timber.com\/fr\/wp-json\/wp\/v2\/pages\/12095","targetHints":{"allow":["GET"]}}],"collection":[{"href":"https:\/\/eu-timber.com\/fr\/wp-json\/wp\/v2\/pages"}],"about":[{"href":"https:\/\/eu-timber.com\/fr\/wp-json\/wp\/v2\/types\/page"}],"author":[{"embeddable":true,"href":"https:\/\/eu-timber.com\/fr\/wp-json\/wp\/v2\/users\/2"}],"replies":[{"embeddable":true,"href":"https:\/\/eu-timber.com\/fr\/wp-json\/wp\/v2\/comments?post=12095"}],"version-history":[{"count":5,"href":"https:\/\/eu-timber.com\/fr\/wp-json\/wp\/v2\/pages\/12095\/revisions"}],"predecessor-version":[{"id":12396,"href":"https:\/\/eu-timber.com\/fr\/wp-json\/wp\/v2\/pages\/12095\/revisions\/12396"}],"wp:featuredmedia":[{"embeddable":true,"href":"https:\/\/eu-timber.com\/fr\/wp-json\/wp\/v2\/media\/11868"}],"wp:attachment":[{"href":"https:\/\/eu-timber.com\/fr\/wp-json\/wp\/v2\/media?parent=12095"}],"curies":[{"name":"wp","href":"https:\/\/api.w.org\/{rel}","templated":true}]}}