{"id":12115,"date":"2023-08-23T07:34:50","date_gmt":"2023-08-23T07:34:50","guid":{"rendered":"https:\/\/eu-timber2.lmstudio.agency\/ongoing-offers\/"},"modified":"2023-10-06T09:41:34","modified_gmt":"2023-10-06T09:41:34","slug":"offres-en-cours","status":"publish","type":"page","link":"https:\/\/eu-timber.com\/fr\/offres-en-cours\/","title":{"rendered":"Offres en cours"},"content":{"rendered":"\t\t<div data-elementor-type=\"wp-page\" data-elementor-id=\"12115\" class=\"elementor elementor-12115 elementor-10527\" data-elementor-post-type=\"page\">\n\t\t\t\t\t\t<section class=\"elementor-section elementor-top-section elementor-element elementor-element-1a266ffe elementor-section-boxed elementor-section-height-default elementor-section-height-default\" data-id=\"1a266ffe\" data-element_type=\"section\">\n\t\t\t\t\t\t<div class=\"elementor-container elementor-column-gap-wide\">\n\t\t\t\t\t<div class=\"elementor-column elementor-col-100 elementor-top-column elementor-element elementor-element-4a5ffbb7\" data-id=\"4a5ffbb7\" data-element_type=\"column\">\n\t\t\t<div class=\"elementor-widget-wrap elementor-element-populated\">\n\t\t\t\t\t\t<div class=\"elementor-element elementor-element-6a19026 elementor-widget elementor-widget-text-editor\" data-id=\"6a19026\" data-element_type=\"widget\" data-widget_type=\"text-editor.default\">\n\t\t\t\t<div class=\"elementor-widget-container\">\n\t\t\t<style>\/*! elementor - v3.20.0 - 26-03-2024 *\/\n.elementor-widget-text-editor.elementor-drop-cap-view-stacked .elementor-drop-cap{background-color:#69727d;color:#fff}.elementor-widget-text-editor.elementor-drop-cap-view-framed .elementor-drop-cap{color:#69727d;border:3px solid;background-color:transparent}.elementor-widget-text-editor:not(.elementor-drop-cap-view-default) .elementor-drop-cap{margin-top:8px}.elementor-widget-text-editor:not(.elementor-drop-cap-view-default) .elementor-drop-cap-letter{width:1em;height:1em}.elementor-widget-text-editor .elementor-drop-cap{float:left;text-align:center;line-height:1;font-size:50px}.elementor-widget-text-editor .elementor-drop-cap-letter{display:inline-block}<\/style>\t\t\t\t<p><strong>Bienvenue chez EU-TIMBER<\/strong>, o\u00f9 la qualit\u00e9 rencontre le prix ! D\u00e9couvrez nos <strong>offres exceptionnelles en cours sur les bois durs et les bois tendres<\/strong>, con\u00e7ues pour <strong>\u00e9lever vos projets de travail du bois<\/strong> \u00e0 de nouveaux sommets.<\/p><p>\u00a0<\/p><p>Profitez de nos offres actuelles, o\u00f9 vous <strong>d\u00e9couvrirez une vaste s\u00e9lection de feuillus et r\u00e9sineux<\/strong>, chacun pr\u00e9sentant des caract\u00e9ristiques uniques et une beaut\u00e9 naturelle. De la riche chaleur du ch\u00eane aux \u00e9l\u00e9gantes veinures du m\u00e9risier, nos bois durs offrent un attrait intemporel pour les meubles, les rev\u00eatements de sol et les d\u00e9tails complexes.<\/p><p>\u00a0<\/p><p>Pour ceux qui recherchent la polyvalence et une touche plus l\u00e9g\u00e8re, <strong>nos bois tendres offrent un monde de possibilit\u00e9s<\/strong>. Choisissez parmi une gamme d&#8217;essences de r\u00e9sineux, telles que le douglas ou le m\u00e9l\u00e8ze, <strong>r\u00e9put\u00e9es pour leur r\u00e9sistance et leur polyvalence<\/strong>. Id\u00e9aux pour les applications structurelles, les projets d&#8217;ext\u00e9rieur ou les sculptures d\u00e9licates, nos bois tendres sont \u00e0 la fois pratiques et esth\u00e9tiques.<\/p><p>\u00a0<\/p><p>Chez EU-TIMBER,<strong> nous croyons qu&#8217;il faut rendre les mat\u00e9riaux de qualit\u00e9 sup\u00e9rieure accessibles \u00e0 tous<\/strong>. Nos offres permanentes vous permettent de vous lancer dans le travail du bois sans vous ruiner. D\u00e9couvrez le plaisir de travailler avec des bois durs et des bois tendres de qualit\u00e9 sup\u00e9rieure \u00e0 des prix qui ne compromettent pas votre budget.<\/p>\t\t\t\t\t\t<\/div>\n\t\t\t\t<\/div>\n\t\t\t\t\t<\/div>\n\t\t<\/div>\n\t\t\t\t\t<\/div>\n\t\t<\/section>\n\t\t\t\t<section class=\"elementor-section elementor-top-section elementor-element elementor-element-2458d60 elementor-section-boxed elementor-section-height-default elementor-section-height-default\" data-id=\"2458d60\" data-element_type=\"section\">\n\t\t\t\t\t\t<div class=\"elementor-container elementor-column-gap-wide\">\n\t\t\t\t\t<div class=\"elementor-column elementor-col-100 elementor-top-column elementor-element elementor-element-053b96c\" data-id=\"053b96c\" data-element_type=\"column\">\n\t\t\t<div class=\"elementor-widget-wrap elementor-element-populated\">\n\t\t\t\t\t\t<div class=\"elementor-element elementor-element-c0ba348 elementor-widget elementor-widget-text-editor\" data-id=\"c0ba348\" data-element_type=\"widget\" data-widget_type=\"text-editor.default\">\n\t\t\t\t<div class=\"elementor-widget-container\">\n\t\t\t\t\t\t\t<h3>Vous souhaitez \u00eatre inform\u00e9 de nos offres ?<\/h3>\t\t\t\t\t\t<\/div>\n\t\t\t\t<\/div>\n\t\t\t\t<div class=\"elementor-element elementor-element-fc0a54d elementor-widget elementor-widget-text-editor\" data-id=\"fc0a54d\" data-element_type=\"widget\" data-widget_type=\"text-editor.default\">\n\t\t\t\t<div class=\"elementor-widget-container\">\n\t\t\t\t\t\t\t<noscript class=\"ninja-forms-noscript-message\">\n\tNotice: JavaScript is required for this content.<\/noscript>\n<div id=\"nf-form-3-cont\" class=\"nf-form-cont\" aria-live=\"polite\" aria-labelledby=\"nf-form-title-3\" aria-describedby=\"nf-form-errors-3\" role=\"form\">\n\n    <div class=\"nf-loading-spinner\"><\/div>\n\n<\/div>\n        <!-- That data is being printed as a workaround to page builders reordering the order of the scripts loaded-->\n        <script>var formDisplay=1;var nfForms=nfForms||[];var form=[];form.id='3';form.settings={\"objectType\":\"Form Setting\",\"editActive\":true,\"title\":\"Vous souhaitez \\u00eatre inform\\u00e9 de nos offres ?\",\"show_title\":0,\"allow_public_link\":0,\"embed_form\":\"\",\"clear_complete\":1,\"hide_complete\":1,\"default_label_pos\":\"above\",\"wrapper_class\":\"\",\"element_class\":\"\",\"form_title_heading_level\":\"3\",\"key\":\"\",\"add_submit\":1,\"changeEmailErrorMsg\":\"Please enter a valid email address!\",\"changeDateErrorMsg\":\"Please enter a valid date!\",\"confirmFieldErrorMsg\":\"These fields must match!\",\"fieldNumberNumMinError\":\"Number Min Error\",\"fieldNumberNumMaxError\":\"Number Max Error\",\"fieldNumberIncrementBy\":\"Please increment by \",\"formErrorsCorrectErrors\":\"Please correct errors before submitting this form.\",\"validateRequiredField\":\"This is a required field.\",\"honeypotHoneypotError\":\"Honeypot Error\",\"fieldsMarkedRequired\":\"Fields marked with an <span class=\\\"ninja-forms-req-symbol\\\">*<\\\/span> are required\",\"currency\":\"\",\"unique_field_error\":\"Un formulaire avec cette valeur a d\\u00e9j\\u00e0 \\u00e9t\\u00e9 envoy\\u00e9.\",\"logged_in\":false,\"not_logged_in_msg\":\"\",\"sub_limit_msg\":\"Le formulaire a atteint sa limite d\\u2019entr\\u00e9es.\",\"calculations\":[],\"formContentData\":[\"email_1693474175328\",\"send_1693816311404\"],\"drawerDisabled\":false,\"ninjaForms\":\"Ninja Forms\",\"fieldTextareaRTEInsertLink\":\"Insert Link\",\"fieldTextareaRTEInsertMedia\":\"Insert Media\",\"fieldTextareaRTESelectAFile\":\"Select a file\",\"formHoneypot\":\"If you are a human seeing this field, please leave it empty.\",\"fileUploadOldCodeFileUploadInProgress\":\"File Upload in Progress.\",\"fileUploadOldCodeFileUpload\":\"FILE UPLOAD\",\"currencySymbol\":\"&#36;\",\"thousands_sep\":\"\\u00a0\",\"decimal_point\":\",\",\"siteLocale\":\"fr_FR\",\"dateFormat\":\"m\\\/d\\\/Y\",\"startOfWeek\":\"1\",\"of\":\"of\",\"previousMonth\":\"Previous Month\",\"nextMonth\":\"Next Month\",\"months\":[\"January\",\"February\",\"March\",\"April\",\"May\",\"June\",\"July\",\"August\",\"September\",\"October\",\"November\",\"December\"],\"monthsShort\":[\"Jan\",\"Feb\",\"Mar\",\"Apr\",\"May\",\"Jun\",\"Jul\",\"Aug\",\"Sep\",\"Oct\",\"Nov\",\"Dec\"],\"weekdays\":[\"Sunday\",\"Monday\",\"Tuesday\",\"Wednesday\",\"Thursday\",\"Friday\",\"Saturday\"],\"weekdaysShort\":[\"Sun\",\"Mon\",\"Tue\",\"Wed\",\"Thu\",\"Fri\",\"Sat\"],\"weekdaysMin\":[\"Su\",\"Mo\",\"Tu\",\"We\",\"Th\",\"Fr\",\"Sa\"],\"recaptchaConsentMissing\":\"reCaptcha validation couldn&#039;t load.\",\"recaptchaMissingCookie\":\"reCaptcha v3 validation couldn&#039;t load the cookie needed to submit the form.\",\"recaptchaConsentEvent\":\"Accept reCaptcha cookies before sending the form.\",\"currency_symbol\":\"\",\"beforeForm\":\"\",\"beforeFields\":\"\",\"afterFields\":\"\",\"afterForm\":\"\"};form.fields=[{\"objectType\":\"Field\",\"objectDomain\":\"fields\",\"editActive\":false,\"order\":999,\"idAttribute\":\"id\",\"type\":\"email\",\"label\":\"Adresse e-mail\",\"key\":\"email_1693474175328\",\"label_pos\":\"above\",\"required\":1,\"default\":\"\",\"placeholder\":\"\",\"container_class\":\"\",\"element_class\":\"\",\"admin_label\":\"\",\"help_text\":\"\",\"custom_name_attribute\":\"email\",\"personally_identifiable\":1,\"value\":\"\",\"drawerDisabled\":false,\"id\":18,\"beforeField\":\"\",\"afterField\":\"\",\"parentType\":\"email\",\"element_templates\":[\"email\",\"input\"],\"old_classname\":\"\",\"wrap_template\":\"wrap\"},{\"objectType\":\"Field\",\"objectDomain\":\"fields\",\"editActive\":false,\"order\":9999,\"idAttribute\":\"id\",\"type\":\"submit\",\"label\":\"Envoyer\",\"processing_label\":\"En cours de traitement\",\"container_class\":\"\",\"element_class\":\"\",\"key\":\"send_1693816311404\",\"drawerDisabled\":false,\"id\":19,\"beforeField\":\"\",\"afterField\":\"\",\"value\":\"\",\"label_pos\":\"above\",\"parentType\":\"textbox\",\"element_templates\":[\"submit\",\"button\",\"input\"],\"old_classname\":\"\",\"wrap_template\":\"wrap-no-label\"}];nfForms.push(form);<\/script>\n        \t\t\t\t\t\t<\/div>\n\t\t\t\t<\/div>\n\t\t\t\t\t<\/div>\n\t\t<\/div>\n\t\t\t\t\t<\/div>\n\t\t<\/section>\n\t\t\t\t<\/div>\n\t\t","protected":false},"excerpt":{"rendered":"<div class=\"tmnf_excerpt\"><p>Bienvenue chez EU-TIMBER, o\u00f9 la qualit\u00e9 rencontre le prix ! D\u00e9couvrez nos offres exceptionnelles en cours sur les bois durs et les bois tendres, con\u00e7ues pour \u00e9lever vos projets de travail du bois \u00e0 de<\/p>\n<\/div>","protected":false},"author":2,"featured_media":11870,"parent":0,"menu_order":0,"comment_status":"closed","ping_status":"closed","template":"homepage-hero-cover_alt.php","meta":{"footnotes":""},"class_list":["post-12115","page","type-page","status-publish","has-post-thumbnail","hentry"],"yoast_head":"<!-- This site is optimized with the Yoast SEO plugin v22.3 - https:\/\/yoast.com\/wordpress\/plugins\/seo\/ -->\n<title>Nos offres sur les bois - EU Timber<\/title>\n<meta name=\"description\" content=\"D\u00e9couvrez nos offres actuelles exceptionnelles sur les bois durs et tendres pour r\u00e9aliser tous vos projets en bois.\" \/>\n<meta name=\"robots\" content=\"index, follow, max-snippet:-1, max-image-preview:large, max-video-preview:-1\" \/>\n<link rel=\"canonical\" href=\"https:\/\/eu-timber.com\/fr\/offres-en-cours\/\" \/>\n<meta property=\"og:locale\" content=\"fr_FR\" \/>\n<meta property=\"og:type\" content=\"article\" \/>\n<meta property=\"og:title\" content=\"Nos offres sur les bois - EU Timber\" \/>\n<meta property=\"og:description\" content=\"D\u00e9couvrez nos offres actuelles exceptionnelles sur les bois durs et tendres pour r\u00e9aliser tous vos projets en bois.\" \/>\n<meta property=\"og:url\" content=\"https:\/\/eu-timber.com\/fr\/offres-en-cours\/\" \/>\n<meta property=\"og:site_name\" content=\"Eu Timber\" \/>\n<meta property=\"article:modified_time\" content=\"2023-10-06T09:41:34+00:00\" \/>\n<meta property=\"og:image\" content=\"https:\/\/eu-timber.com\/wp-content\/uploads\/2023\/08\/banner-ongoing.jpg\" \/>\n\t<meta property=\"og:image:width\" content=\"1920\" \/>\n\t<meta property=\"og:image:height\" content=\"1371\" \/>\n\t<meta property=\"og:image:type\" content=\"image\/jpeg\" \/>\n<meta name=\"twitter:card\" content=\"summary_large_image\" \/>\n<meta name=\"twitter:label1\" content=\"Dur\u00e9e de lecture estim\u00e9e\" \/>\n\t<meta name=\"twitter:data1\" content=\"1 minute\" \/>\n<script type=\"application\/ld+json\" class=\"yoast-schema-graph\">{\"@context\":\"https:\/\/schema.org\",\"@graph\":[{\"@type\":\"WebPage\",\"@id\":\"https:\/\/eu-timber.com\/fr\/offres-en-cours\/\",\"url\":\"https:\/\/eu-timber.com\/fr\/offres-en-cours\/\",\"name\":\"Nos offres sur les bois - EU Timber\",\"isPartOf\":{\"@id\":\"https:\/\/eu-timber.com\/#website\"},\"primaryImageOfPage\":{\"@id\":\"https:\/\/eu-timber.com\/fr\/offres-en-cours\/#primaryimage\"},\"image\":{\"@id\":\"https:\/\/eu-timber.com\/fr\/offres-en-cours\/#primaryimage\"},\"thumbnailUrl\":\"https:\/\/eu-timber.com\/wp-content\/uploads\/2023\/08\/banner-ongoing.jpg\",\"datePublished\":\"2023-08-23T07:34:50+00:00\",\"dateModified\":\"2023-10-06T09:41:34+00:00\",\"description\":\"D\u00e9couvrez nos offres actuelles exceptionnelles sur les bois durs et tendres pour r\u00e9aliser tous vos projets en bois.\",\"breadcrumb\":{\"@id\":\"https:\/\/eu-timber.com\/fr\/offres-en-cours\/#breadcrumb\"},\"inLanguage\":\"fr-FR\",\"potentialAction\":[{\"@type\":\"ReadAction\",\"target\":[\"https:\/\/eu-timber.com\/fr\/offres-en-cours\/\"]}]},{\"@type\":\"ImageObject\",\"inLanguage\":\"fr-FR\",\"@id\":\"https:\/\/eu-timber.com\/fr\/offres-en-cours\/#primaryimage\",\"url\":\"https:\/\/eu-timber.com\/wp-content\/uploads\/2023\/08\/banner-ongoing.jpg\",\"contentUrl\":\"https:\/\/eu-timber.com\/wp-content\/uploads\/2023\/08\/banner-ongoing.jpg\",\"width\":1920,\"height\":1371},{\"@type\":\"BreadcrumbList\",\"@id\":\"https:\/\/eu-timber.com\/fr\/offres-en-cours\/#breadcrumb\",\"itemListElement\":[{\"@type\":\"ListItem\",\"position\":1,\"name\":\"Accueil\",\"item\":\"https:\/\/eu-timber.com\/fr\/\"},{\"@type\":\"ListItem\",\"position\":2,\"name\":\"Offres en cours\"}]},{\"@type\":\"WebSite\",\"@id\":\"https:\/\/eu-timber.com\/#website\",\"url\":\"https:\/\/eu-timber.com\/\",\"name\":\"Eu Timber\",\"description\":\"\",\"potentialAction\":[{\"@type\":\"SearchAction\",\"target\":{\"@type\":\"EntryPoint\",\"urlTemplate\":\"https:\/\/eu-timber.com\/?s={search_term_string}\"},\"query-input\":\"required name=search_term_string\"}],\"inLanguage\":\"fr-FR\"}]}<\/script>\n<!-- \/ Yoast SEO plugin. -->","yoast_head_json":{"title":"Nos offres sur les bois - EU Timber","description":"D\u00e9couvrez nos offres actuelles exceptionnelles sur les bois durs et tendres pour r\u00e9aliser tous vos projets en bois.","robots":{"index":"index","follow":"follow","max-snippet":"max-snippet:-1","max-image-preview":"max-image-preview:large","max-video-preview":"max-video-preview:-1"},"canonical":"https:\/\/eu-timber.com\/fr\/offres-en-cours\/","og_locale":"fr_FR","og_type":"article","og_title":"Nos offres sur les bois - EU Timber","og_description":"D\u00e9couvrez nos offres actuelles exceptionnelles sur les bois durs et tendres pour r\u00e9aliser tous vos projets en bois.","og_url":"https:\/\/eu-timber.com\/fr\/offres-en-cours\/","og_site_name":"Eu Timber","article_modified_time":"2023-10-06T09:41:34+00:00","og_image":[{"width":1920,"height":1371,"url":"https:\/\/eu-timber.com\/wp-content\/uploads\/2023\/08\/banner-ongoing.jpg","type":"image\/jpeg"}],"twitter_card":"summary_large_image","twitter_misc":{"Dur\u00e9e de lecture estim\u00e9e":"1 minute"},"schema":{"@context":"https:\/\/schema.org","@graph":[{"@type":"WebPage","@id":"https:\/\/eu-timber.com\/fr\/offres-en-cours\/","url":"https:\/\/eu-timber.com\/fr\/offres-en-cours\/","name":"Nos offres sur les bois - EU Timber","isPartOf":{"@id":"https:\/\/eu-timber.com\/#website"},"primaryImageOfPage":{"@id":"https:\/\/eu-timber.com\/fr\/offres-en-cours\/#primaryimage"},"image":{"@id":"https:\/\/eu-timber.com\/fr\/offres-en-cours\/#primaryimage"},"thumbnailUrl":"https:\/\/eu-timber.com\/wp-content\/uploads\/2023\/08\/banner-ongoing.jpg","datePublished":"2023-08-23T07:34:50+00:00","dateModified":"2023-10-06T09:41:34+00:00","description":"D\u00e9couvrez nos offres actuelles exceptionnelles sur les bois durs et tendres pour r\u00e9aliser tous vos projets en bois.","breadcrumb":{"@id":"https:\/\/eu-timber.com\/fr\/offres-en-cours\/#breadcrumb"},"inLanguage":"fr-FR","potentialAction":[{"@type":"ReadAction","target":["https:\/\/eu-timber.com\/fr\/offres-en-cours\/"]}]},{"@type":"ImageObject","inLanguage":"fr-FR","@id":"https:\/\/eu-timber.com\/fr\/offres-en-cours\/#primaryimage","url":"https:\/\/eu-timber.com\/wp-content\/uploads\/2023\/08\/banner-ongoing.jpg","contentUrl":"https:\/\/eu-timber.com\/wp-content\/uploads\/2023\/08\/banner-ongoing.jpg","width":1920,"height":1371},{"@type":"BreadcrumbList","@id":"https:\/\/eu-timber.com\/fr\/offres-en-cours\/#breadcrumb","itemListElement":[{"@type":"ListItem","position":1,"name":"Accueil","item":"https:\/\/eu-timber.com\/fr\/"},{"@type":"ListItem","position":2,"name":"Offres en cours"}]},{"@type":"WebSite","@id":"https:\/\/eu-timber.com\/#website","url":"https:\/\/eu-timber.com\/","name":"Eu Timber","description":"","potentialAction":[{"@type":"SearchAction","target":{"@type":"EntryPoint","urlTemplate":"https:\/\/eu-timber.com\/?s={search_term_string}"},"query-input":"required name=search_term_string"}],"inLanguage":"fr-FR"}]}},"_links":{"self":[{"href":"https:\/\/eu-timber.com\/fr\/wp-json\/wp\/v2\/pages\/12115","targetHints":{"allow":["GET"]}}],"collection":[{"href":"https:\/\/eu-timber.com\/fr\/wp-json\/wp\/v2\/pages"}],"about":[{"href":"https:\/\/eu-timber.com\/fr\/wp-json\/wp\/v2\/types\/page"}],"author":[{"embeddable":true,"href":"https:\/\/eu-timber.com\/fr\/wp-json\/wp\/v2\/users\/2"}],"replies":[{"embeddable":true,"href":"https:\/\/eu-timber.com\/fr\/wp-json\/wp\/v2\/comments?post=12115"}],"version-history":[{"count":15,"href":"https:\/\/eu-timber.com\/fr\/wp-json\/wp\/v2\/pages\/12115\/revisions"}],"predecessor-version":[{"id":12400,"href":"https:\/\/eu-timber.com\/fr\/wp-json\/wp\/v2\/pages\/12115\/revisions\/12400"}],"wp:featuredmedia":[{"embeddable":true,"href":"https:\/\/eu-timber.com\/fr\/wp-json\/wp\/v2\/media\/11870"}],"wp:attachment":[{"href":"https:\/\/eu-timber.com\/fr\/wp-json\/wp\/v2\/media?parent=12115"}],"curies":[{"name":"wp","href":"https:\/\/api.w.org\/{rel}","templated":true}]}}