{"id":12168,"date":"2023-08-23T13:43:31","date_gmt":"2023-08-23T13:43:31","guid":{"rendered":"https:\/\/eu-timber2.lmstudio.agency\/conditions-dutilisation\/"},"modified":"2023-10-06T09:38:14","modified_gmt":"2023-10-06T09:38:14","slug":"conditions-dutilisation","status":"publish","type":"page","link":"https:\/\/eu-timber.com\/fr\/conditions-dutilisation\/","title":{"rendered":"Conditions d&#8217;utilisation"},"content":{"rendered":"\t\t<div data-elementor-type=\"wp-page\" data-elementor-id=\"12168\" class=\"elementor elementor-12168 elementor-10771\" data-elementor-post-type=\"page\">\n\t\t\t\t\t\t<section class=\"elementor-section elementor-top-section elementor-element elementor-element-f91bef3 elementor-section-boxed elementor-section-height-default elementor-section-height-default\" data-id=\"f91bef3\" data-element_type=\"section\">\n\t\t\t\t\t\t<div class=\"elementor-container elementor-column-gap-wide\">\n\t\t\t\t\t<div class=\"elementor-column elementor-col-100 elementor-top-column elementor-element elementor-element-a076f88\" data-id=\"a076f88\" data-element_type=\"column\">\n\t\t\t<div class=\"elementor-widget-wrap elementor-element-populated\">\n\t\t\t\t\t\t<div class=\"elementor-element elementor-element-db52d23 elementor-widget elementor-widget-text-editor\" data-id=\"db52d23\" data-element_type=\"widget\" data-widget_type=\"text-editor.default\">\n\t\t\t\t<div class=\"elementor-widget-container\">\n\t\t\t<style>\/*! elementor - v3.20.0 - 26-03-2024 *\/\n.elementor-widget-text-editor.elementor-drop-cap-view-stacked .elementor-drop-cap{background-color:#69727d;color:#fff}.elementor-widget-text-editor.elementor-drop-cap-view-framed .elementor-drop-cap{color:#69727d;border:3px solid;background-color:transparent}.elementor-widget-text-editor:not(.elementor-drop-cap-view-default) .elementor-drop-cap{margin-top:8px}.elementor-widget-text-editor:not(.elementor-drop-cap-view-default) .elementor-drop-cap-letter{width:1em;height:1em}.elementor-widget-text-editor .elementor-drop-cap{float:left;text-align:center;line-height:1;font-size:50px}.elementor-widget-text-editor .elementor-drop-cap-letter{display:inline-block}<\/style>\t\t\t\t<p>Notre soci\u00e9t\u00e9 est situ\u00e9e \u00e0 : 96, Schonekeerstraat 8930 Lauwe &#8211; Belgique<\/p><p>Num\u00e9ro de TVA : <strong>BE0753.624.078<\/strong><\/p><p>\u00a0<\/p><p><strong>Lorsque vous visitez notre site, nous enregistrons les donn\u00e9es suivantes :<\/strong><\/p><ul><li>votre &#8220;nom de domaine&#8221; (adresse IP) lorsque vous visitez notre site web.<\/li><li>votre adresse \u00e9lectronique lorsque vous envoyez des messages\/questions sur ce site.<\/li><li>votre adresse \u00e9lectronique lorsque vous communiquez avec nous par courrier \u00e9lectronique.<\/li><li>toutes les informations concernant les pages que vous avez consult\u00e9es sur notre site.<\/li><li>toute information que vous nous avez communiqu\u00e9e volontairement (par exemple, dans le cadre d&#8217;enqu\u00eates d&#8217;information et\/ou d&#8217;enregistrements sur le site).<\/li><\/ul><p>\u00a0<\/p><p><strong>Ces informations sont utilis\u00e9es pour :<\/strong><\/p><ul><li>am\u00e9liorer le contenu de notre site web.<\/li><li>personnaliser le contenu et la pr\u00e9sentation de nos pages pour chaque visiteur.<\/li><li>vous informer des mises \u00e0 jour de notre site.<\/li><li>vous contacter ult\u00e9rieurement \u00e0 des fins de marketing direct.<\/li><\/ul><p>\u00a0<\/p><p>Ces informations ne sont utilis\u00e9es qu&#8217;en interne et ne sont pas transmises \u00e0 d&#8217;autres organisations \u00e0 des fins commerciales.<\/p><p>\u00a0<\/p><p>Des cookies sont utilis\u00e9s sur notre site (un cookie est un petit fichier envoy\u00e9 par un serveur Web et install\u00e9 sur le disque dur de votre ordinateur. Ce fichier garde la trace des sites web que vous avez visit\u00e9s et contient un certain nombre d&#8217;informations sur votre visite).<\/p><ul><li>pour enregistrer vos pr\u00e9f\u00e9rences<\/li><li>pour enregistrer des sessions d&#8217;information telles que celles concernant les produits que vous ajoutez \u00e0 votre panier d&#8217;achat<\/li><li>pour enregistrer des informations qui vous sont propres, telles que les pages web que vous avez consult\u00e9es pour acc\u00e9der \u00e0 notre site<\/li><li>enregistrer vos activit\u00e9s pr\u00e9c\u00e9dentes sur le site, afin d&#8217;am\u00e9liorer notre service lors de votre prochaine visite<\/li><li>pour \u00e9viter de recevoir les m\u00eames publicit\u00e9s \u00e0 plusieurs reprises<\/li><li>de modifier le contenu et la pr\u00e9sentation du site en fonction de votre type de navigateur ou d&#8217;autres informations envoy\u00e9es par votre navigateur.<\/li><\/ul><p>\u00a0<\/p><p>Nous n&#8217;avons pas de partenariats ou d&#8217;autres relations d&#8217;affaires avec des tiers sur l&#8217;internet.<\/p><p>\u00a0<\/p><p>Lorsque nous transmettons ou recevons vos donn\u00e9es sur notre site, nous utilisons toujours des techniques de cryptage reconnues comme habituelles dans le secteur informatique. Lorsque nous recevons ou transmettons certaines informations critiques, telles que des donn\u00e9es financi\u00e8res, nous utilisons un serveur s\u00e9curis\u00e9. Vous en serez inform\u00e9 par le biais d&#8217;une fen\u00eatre pop-up sur notre site. Nous avons mis en place des mesures de s\u00e9curit\u00e9 appropri\u00e9es pour \u00e9viter la perte, l&#8217;utilisation frauduleuse ou l&#8217;alt\u00e9ration des informations que nous recevons sur notre site.<\/p><p>\u00a0<\/p><h4>COMMENT NOUS CONTACTER \u00c0 CE SUJET ?<\/h4><p>Si vous souhaitez commenter les informations ci-dessus, vous pouvez nous contacter<\/p><p>\u00a0<\/p><p>Par e-mail: <a href=\"mailto:richard@vrand.eu\">richard@vrand.eu<\/a><br \/>Par t\u00e9l\u00e9phone: <a href=\"tel:+ 3256194291\">+ 32 (0)56 19 42 91<\/a><\/p>\t\t\t\t\t\t<\/div>\n\t\t\t\t<\/div>\n\t\t\t\t\t<\/div>\n\t\t<\/div>\n\t\t\t\t\t<\/div>\n\t\t<\/section>\n\t\t\t\t<\/div>\n\t\t","protected":false},"excerpt":{"rendered":"<div class=\"tmnf_excerpt\"><p>Notre soci\u00e9t\u00e9 est situ\u00e9e \u00e0 : 96, Schonekeerstraat 8930 Lauwe &#8211; Belgique Num\u00e9ro de TVA : BE0753.624.078 Lorsque vous visitez notre site, nous enregistrons les donn\u00e9es suivantes : votre &#8220;nom de domaine&#8221; (adresse IP) lorsque<\/p>\n<\/div>","protected":false},"author":2,"featured_media":0,"parent":0,"menu_order":0,"comment_status":"closed","ping_status":"closed","template":"homepage-hero-cover_alt.php","meta":{"footnotes":""},"class_list":["post-12168","page","type-page","status-publish","hentry"],"yoast_head":"<!-- This site is optimized with the Yoast SEO plugin v22.3 - https:\/\/yoast.com\/wordpress\/plugins\/seo\/ -->\n<title>Conditions d&#039;utilisation - EU Timber<\/title>\n<meta name=\"robots\" content=\"index, follow, max-snippet:-1, max-image-preview:large, max-video-preview:-1\" \/>\n<link rel=\"canonical\" href=\"https:\/\/eu-timber.com\/fr\/conditions-dutilisation\/\" \/>\n<meta property=\"og:locale\" content=\"fr_FR\" \/>\n<meta property=\"og:type\" content=\"article\" \/>\n<meta property=\"og:title\" content=\"Conditions d&#039;utilisation - EU Timber\" \/>\n<meta property=\"og:description\" content=\"Notre soci\u00e9t\u00e9 est situ\u00e9e \u00e0 : 96, Schonekeerstraat 8930 Lauwe &#8211; Belgique Num\u00e9ro de TVA : BE0753.624.078 Lorsque vous visitez notre site, nous enregistrons les donn\u00e9es suivantes : votre &#8220;nom de domaine&#8221; (adresse IP) lorsque\" \/>\n<meta property=\"og:url\" content=\"https:\/\/eu-timber.com\/fr\/conditions-dutilisation\/\" \/>\n<meta property=\"og:site_name\" content=\"Eu Timber\" \/>\n<meta property=\"article:modified_time\" content=\"2023-10-06T09:38:14+00:00\" \/>\n<meta name=\"twitter:card\" content=\"summary_large_image\" \/>\n<meta name=\"twitter:label1\" content=\"Dur\u00e9e de lecture estim\u00e9e\" \/>\n\t<meta name=\"twitter:data1\" content=\"2 minutes\" \/>\n<script type=\"application\/ld+json\" class=\"yoast-schema-graph\">{\"@context\":\"https:\/\/schema.org\",\"@graph\":[{\"@type\":\"WebPage\",\"@id\":\"https:\/\/eu-timber.com\/fr\/conditions-dutilisation\/\",\"url\":\"https:\/\/eu-timber.com\/fr\/conditions-dutilisation\/\",\"name\":\"Conditions d'utilisation - EU Timber\",\"isPartOf\":{\"@id\":\"https:\/\/eu-timber.com\/#website\"},\"datePublished\":\"2023-08-23T13:43:31+00:00\",\"dateModified\":\"2023-10-06T09:38:14+00:00\",\"breadcrumb\":{\"@id\":\"https:\/\/eu-timber.com\/fr\/conditions-dutilisation\/#breadcrumb\"},\"inLanguage\":\"fr-FR\",\"potentialAction\":[{\"@type\":\"ReadAction\",\"target\":[\"https:\/\/eu-timber.com\/fr\/conditions-dutilisation\/\"]}]},{\"@type\":\"BreadcrumbList\",\"@id\":\"https:\/\/eu-timber.com\/fr\/conditions-dutilisation\/#breadcrumb\",\"itemListElement\":[{\"@type\":\"ListItem\",\"position\":1,\"name\":\"Accueil\",\"item\":\"https:\/\/eu-timber.com\/fr\/\"},{\"@type\":\"ListItem\",\"position\":2,\"name\":\"Conditions d&#8217;utilisation\"}]},{\"@type\":\"WebSite\",\"@id\":\"https:\/\/eu-timber.com\/#website\",\"url\":\"https:\/\/eu-timber.com\/\",\"name\":\"Eu Timber\",\"description\":\"\",\"potentialAction\":[{\"@type\":\"SearchAction\",\"target\":{\"@type\":\"EntryPoint\",\"urlTemplate\":\"https:\/\/eu-timber.com\/?s={search_term_string}\"},\"query-input\":\"required name=search_term_string\"}],\"inLanguage\":\"fr-FR\"}]}<\/script>\n<!-- \/ Yoast SEO plugin. -->","yoast_head_json":{"title":"Conditions d'utilisation - EU Timber","robots":{"index":"index","follow":"follow","max-snippet":"max-snippet:-1","max-image-preview":"max-image-preview:large","max-video-preview":"max-video-preview:-1"},"canonical":"https:\/\/eu-timber.com\/fr\/conditions-dutilisation\/","og_locale":"fr_FR","og_type":"article","og_title":"Conditions d'utilisation - EU Timber","og_description":"Notre soci\u00e9t\u00e9 est situ\u00e9e \u00e0 : 96, Schonekeerstraat 8930 Lauwe &#8211; Belgique Num\u00e9ro de TVA : BE0753.624.078 Lorsque vous visitez notre site, nous enregistrons les donn\u00e9es suivantes : votre &#8220;nom de domaine&#8221; (adresse IP) lorsque","og_url":"https:\/\/eu-timber.com\/fr\/conditions-dutilisation\/","og_site_name":"Eu Timber","article_modified_time":"2023-10-06T09:38:14+00:00","twitter_card":"summary_large_image","twitter_misc":{"Dur\u00e9e de lecture estim\u00e9e":"2 minutes"},"schema":{"@context":"https:\/\/schema.org","@graph":[{"@type":"WebPage","@id":"https:\/\/eu-timber.com\/fr\/conditions-dutilisation\/","url":"https:\/\/eu-timber.com\/fr\/conditions-dutilisation\/","name":"Conditions d'utilisation - EU Timber","isPartOf":{"@id":"https:\/\/eu-timber.com\/#website"},"datePublished":"2023-08-23T13:43:31+00:00","dateModified":"2023-10-06T09:38:14+00:00","breadcrumb":{"@id":"https:\/\/eu-timber.com\/fr\/conditions-dutilisation\/#breadcrumb"},"inLanguage":"fr-FR","potentialAction":[{"@type":"ReadAction","target":["https:\/\/eu-timber.com\/fr\/conditions-dutilisation\/"]}]},{"@type":"BreadcrumbList","@id":"https:\/\/eu-timber.com\/fr\/conditions-dutilisation\/#breadcrumb","itemListElement":[{"@type":"ListItem","position":1,"name":"Accueil","item":"https:\/\/eu-timber.com\/fr\/"},{"@type":"ListItem","position":2,"name":"Conditions d&#8217;utilisation"}]},{"@type":"WebSite","@id":"https:\/\/eu-timber.com\/#website","url":"https:\/\/eu-timber.com\/","name":"Eu Timber","description":"","potentialAction":[{"@type":"SearchAction","target":{"@type":"EntryPoint","urlTemplate":"https:\/\/eu-timber.com\/?s={search_term_string}"},"query-input":"required name=search_term_string"}],"inLanguage":"fr-FR"}]}},"_links":{"self":[{"href":"https:\/\/eu-timber.com\/fr\/wp-json\/wp\/v2\/pages\/12168","targetHints":{"allow":["GET"]}}],"collection":[{"href":"https:\/\/eu-timber.com\/fr\/wp-json\/wp\/v2\/pages"}],"about":[{"href":"https:\/\/eu-timber.com\/fr\/wp-json\/wp\/v2\/types\/page"}],"author":[{"embeddable":true,"href":"https:\/\/eu-timber.com\/fr\/wp-json\/wp\/v2\/users\/2"}],"replies":[{"embeddable":true,"href":"https:\/\/eu-timber.com\/fr\/wp-json\/wp\/v2\/comments?post=12168"}],"version-history":[{"count":5,"href":"https:\/\/eu-timber.com\/fr\/wp-json\/wp\/v2\/pages\/12168\/revisions"}],"predecessor-version":[{"id":12395,"href":"https:\/\/eu-timber.com\/fr\/wp-json\/wp\/v2\/pages\/12168\/revisions\/12395"}],"wp:attachment":[{"href":"https:\/\/eu-timber.com\/fr\/wp-json\/wp\/v2\/media?parent=12168"}],"curies":[{"name":"wp","href":"https:\/\/api.w.org\/{rel}","templated":true}]}}